{"id":8,"date":"2026-02-27T17:12:55","date_gmt":"2026-02-27T16:12:55","guid":{"rendered":"http:\/\/test.tomwoutz.be\/?page_id=8"},"modified":"2026-02-27T17:12:55","modified_gmt":"2026-02-27T16:12:55","slug":"jadore-la-salsa-et-le-swing-parfois-je-mene-souvent-la-lumiere-me-guide","status":"publish","type":"page","link":"https:\/\/test.tomwoutz.be\/","title":{"rendered":"J\u2019adore la salsa et le swing. Parfois je m\u00e8ne, souvent la lumi\u00e8re me guide."},"content":{"rendered":"\n<p>Photographe-infiltr\u00e9 pour couples n\u00e9o-\u00e9picuriens. Je capture l\u2019\u00e9l\u00e9gance de vos \u00e9motions et le rythme de votre histoire.<\/p>\n\n\n\n<p><\/p>\n","protected":false},"excerpt":{"rendered":"<p>Photographe-infiltr\u00e9 pour couples n\u00e9o-\u00e9picuriens. Je capture l\u2019\u00e9l\u00e9gance de vos \u00e9motions et le rythme de votre histoire.<\/p>\n","protected":false},"author":1,"featured_media":0,"parent":0,"menu_order":0,"comment_status":"closed","ping_status":"closed","template":"","meta":{"footnotes":""},"class_list":["post-8","page","type-page","status-publish","hentry"],"_links":{"self":[{"href":"https:\/\/test.tomwoutz.be\/index.php\/wp-json\/wp\/v2\/pages\/8","targetHints":{"allow":["GET"]}}],"collection":[{"href":"https:\/\/test.tomwoutz.be\/index.php\/wp-json\/wp\/v2\/pages"}],"about":[{"href":"https:\/\/test.tomwoutz.be\/index.php\/wp-json\/wp\/v2\/types\/page"}],"author":[{"embeddable":true,"href":"https:\/\/test.tomwoutz.be\/index.php\/wp-json\/wp\/v2\/users\/1"}],"replies":[{"embeddable":true,"href":"https:\/\/test.tomwoutz.be\/index.php\/wp-json\/wp\/v2\/comments?post=8"}],"version-history":[{"count":1,"href":"https:\/\/test.tomwoutz.be\/index.php\/wp-json\/wp\/v2\/pages\/8\/revisions"}],"predecessor-version":[{"id":9,"href":"https:\/\/test.tomwoutz.be\/index.php\/wp-json\/wp\/v2\/pages\/8\/revisions\/9"}],"wp:attachment":[{"href":"https:\/\/test.tomwoutz.be\/index.php\/wp-json\/wp\/v2\/media?parent=8"}],"curies":[{"name":"wp","href":"https:\/\/api.w.org\/{rel}","templated":true}]}}